{"id":299,"date":"2025-10-01T14:16:29","date_gmt":"2025-10-01T14:16:29","guid":{"rendered":"http:\/\/localhost:10008\/services\/"},"modified":"2025-12-23T22:25:31","modified_gmt":"2025-12-23T22:25:31","slug":"services","status":"publish","type":"page","link":"https:\/\/wsgoperionica.rs\/en\/services\/","title":{"rendered":"Services"},"content":{"rendered":"<div class=\"wp-block-uagb-container uagb-layout-grid uagb-block-bfe052b1 alignfull uagb-is-root-container\"><div class=\"uagb-container-inner-blocks-wrap\">\n<div class=\"wp-block-uagb-advanced-heading uagb-block-4de6aee5\"><div class=\"uagb-separator\"><\/div><h1 class=\"uagb-heading-text\">Comprehensive Laundry Solutions for Everyone<\/h1><\/div>\n\n\n\n<div class=\"wp-block-uagb-image uagb-block-259aae54 wp-block-uagb-image--layout-default wp-block-uagb-image--effect-static wp-block-uagb-image--align-none\"><figure class=\"wp-block-uagb-image__figure\"><img decoding=\"async\" data-srcset=\"https:\/\/wsgoperionica.rs\/wp-content\/uploads\/2025\/12\/profesionalno-ciscenje-obuce-scarpavapor-perionica-beograd-768x1024.jpg ,https:\/\/wsgoperionica.rs\/wp-content\/uploads\/2025\/12\/profesionalno-ciscenje-obuce-scarpavapor-perionica-beograd.jpg 780w, https:\/\/wsgoperionica.rs\/wp-content\/uploads\/2025\/12\/profesionalno-ciscenje-obuce-scarpavapor-perionica-beograd.jpg 360w\" data-sizes=\"auto, (max-width: 480px) 150px\" data-src=\"https:\/\/wsgoperionica.rs\/wp-content\/uploads\/2025\/12\/profesionalno-ciscenje-obuce-scarpavapor-perionica-beograd-768x1024.jpg\" alt=\"Profesionalna ma\u0161ina Bieffe Scarpavapor za dubinsko \u010di\u0161\u0107enje obu\u0107e i patika u samouslu\u017enoj perionici WSG u Beogradu.\" class=\"uag-image-771 lazyload\" width=\"396\" height=\"380\" title=\"Profesionalno \u010di\u0161\u0107enje i dezinfekcija obu\u0107e parom\" role=\"img\" src=\"data:image\/svg+xml;base64,PHN2ZyB3aWR0aD0iMSIgaGVpZ2h0PSIxIiB4bWxucz0iaHR0cDovL3d3dy53My5vcmcvMjAwMC9zdmciPjwvc3ZnPg==\" style=\"--smush-placeholder-width: 396px; --smush-placeholder-aspect-ratio: 396\/380;\" \/><\/figure><\/div>\n<\/div><\/div>\n\n\n\n<div class=\"wp-block-uagb-container uagb-block-f02a1ac0 alignfull uagb-is-root-container\"><div class=\"uagb-container-inner-blocks-wrap\">\n<div class=\"wp-block-uagb-container uagb-layout-grid uagb-block-1f6539c9\">\n<div class=\"wp-block-uagb-image uagb-block-22bf66dd wp-block-uagb-image--layout-default wp-block-uagb-image--effect-static wp-block-uagb-image--align-none\"><figure class=\"wp-block-uagb-image__figure\"><img decoding=\"async\" data-srcset=\"https:\/\/wsgoperionica.rs\/wp-content\/uploads\/2025\/12\/samousluzna-perionica-vesa-beograd-profesionalne-masine-768x1024.jpg ,https:\/\/wsgoperionica.rs\/wp-content\/uploads\/2025\/12\/samousluzna-perionica-vesa-beograd-profesionalne-masine.jpg 780w, https:\/\/wsgoperionica.rs\/wp-content\/uploads\/2025\/12\/samousluzna-perionica-vesa-beograd-profesionalne-masine.jpg 360w\" data-sizes=\"auto, (max-width: 480px) 150px\" data-src=\"https:\/\/wsgoperionica.rs\/wp-content\/uploads\/2025\/12\/samousluzna-perionica-vesa-beograd-profesionalne-masine-768x1024.jpg\" alt=\"Profesionalne ma\u0161ine za pranje i su\u0161enje ve\u0161a u samouslu\u017enoj perionici WSG u Beogradu.\" class=\"uag-image-766 lazyload\" width=\"500\" height=\"340\" title=\"Moderne ma\u0161ine u WSG Perionici ve\u0161a Beograd\" role=\"img\" src=\"data:image\/svg+xml;base64,PHN2ZyB3aWR0aD0iMSIgaGVpZ2h0PSIxIiB4bWxucz0iaHR0cDovL3d3dy53My5vcmcvMjAwMC9zdmciPjwvc3ZnPg==\" style=\"--smush-placeholder-width: 500px; --smush-placeholder-aspect-ratio: 500\/340;\" \/><\/figure><\/div>\n\n\n\n<div class=\"wp-block-uagb-advanced-heading uagb-block-7fc15760\"><h2 class=\"uagb-heading-text\">01.<\/h2><\/div>\n\n\n\n<div class=\"wp-block-uagb-advanced-heading uagb-block-d1bf4422\"><h3 class=\"uagb-heading-text\">Self-Service Washing<\/h3><p class=\"uagb-desc-text\">Our self-service washing machines are designed for your convenience. They handle all types of fabrics and come with high-capacity options for larger loads. Enjoy fast cycles that take only 30-45 minutes, allowing you to make the most of your time while your laundry gets cleaned efficiently.<\/p><\/div>\n<\/div>\n\n\n\n<div class=\"wp-block-uagb-container uagb-layout-grid uagb-block-4e23bf70\">\n<div class=\"wp-block-uagb-image uagb-block-5975b480 wp-block-uagb-image--layout-default wp-block-uagb-image--effect-static wp-block-uagb-image--align-none\"><figure class=\"wp-block-uagb-image__figure\"><img decoding=\"async\" data-srcset=\"https:\/\/wsgoperionica.rs\/wp-content\/uploads\/2025\/12\/naplatna-stanica-samousluzna-perionica-vesa-beograd.jpg-768x1024.jpg ,https:\/\/wsgoperionica.rs\/wp-content\/uploads\/2025\/12\/naplatna-stanica-samousluzna-perionica-vesa-beograd.jpg.jpg 780w, https:\/\/wsgoperionica.rs\/wp-content\/uploads\/2025\/12\/naplatna-stanica-samousluzna-perionica-vesa-beograd.jpg.jpg 360w\" data-sizes=\"auto, (max-width: 480px) 150px\" data-src=\"https:\/\/wsgoperionica.rs\/wp-content\/uploads\/2025\/12\/naplatna-stanica-samousluzna-perionica-vesa-beograd.jpg-768x1024.jpg\" alt=\"Digitalna naplatna stanica za pranje i su\u0161enje ve\u0161a u WSG samouslu\u017enoj perionici u Beogradu.\" class=\"uag-image-769 lazyload\" width=\"500\" height=\"340\" title=\"Jednostavno pla\u0107anje usluga u na\u0161oj perionici ve\u0161a\" role=\"img\" src=\"data:image\/svg+xml;base64,PHN2ZyB3aWR0aD0iMSIgaGVpZ2h0PSIxIiB4bWxucz0iaHR0cDovL3d3dy53My5vcmcvMjAwMC9zdmciPjwvc3ZnPg==\" style=\"--smush-placeholder-width: 500px; --smush-placeholder-aspect-ratio: 500\/340;\" \/><\/figure><\/div>\n\n\n\n<div class=\"wp-block-uagb-advanced-heading uagb-block-42b1afc3\"><h2 class=\"uagb-heading-text\">02.<\/h2><\/div>\n\n\n\n<div class=\"wp-block-uagb-advanced-heading uagb-block-2b5b97c7\"><h3 class=\"uagb-heading-text\">Drying Services<\/h3><p class=\"uagb-desc-text\">Our drying machines quickly and effectively dry your laundry after washing. Designed for maximum efficiency, they minimize waiting times, letting you enjoy clean, dry clothes in a short period. Combine this service with washing for a seamless laundry process, ensuring your items are ready to wear in no time.<\/p><\/div>\n<\/div>\n\n\n\n<div class=\"wp-block-uagb-container uagb-layout-grid uagb-block-75fb60e4\">\n<div class=\"wp-block-uagb-image uagb-block-dec8dc2a wp-block-uagb-image--layout-default wp-block-uagb-image--effect-static wp-block-uagb-image--align-none\"><figure class=\"wp-block-uagb-image__figure\"><img decoding=\"async\" data-srcset=\"https:\/\/wsgoperionica.rs\/wp-content\/uploads\/2025\/12\/samousluzna-perionica-vesa-beograd-profesionalne-masine-768x1024.jpg ,https:\/\/wsgoperionica.rs\/wp-content\/uploads\/2025\/12\/samousluzna-perionica-vesa-beograd-profesionalne-masine.jpg 780w, https:\/\/wsgoperionica.rs\/wp-content\/uploads\/2025\/12\/samousluzna-perionica-vesa-beograd-profesionalne-masine.jpg 360w\" data-sizes=\"auto, (max-width: 480px) 150px\" data-src=\"https:\/\/wsgoperionica.rs\/wp-content\/uploads\/2025\/12\/samousluzna-perionica-vesa-beograd-profesionalne-masine-768x1024.jpg\" alt=\"Profesionalne ma\u0161ine za pranje i su\u0161enje ve\u0161a u samouslu\u017enoj perionici WSG u Beogradu.\" class=\"uag-image-766 lazyload\" width=\"500\" height=\"340\" title=\"Moderne ma\u0161ine u WSG Perionici ve\u0161a Beograd\" role=\"img\" src=\"data:image\/svg+xml;base64,PHN2ZyB3aWR0aD0iMSIgaGVpZ2h0PSIxIiB4bWxucz0iaHR0cDovL3d3dy53My5vcmcvMjAwMC9zdmciPjwvc3ZnPg==\" style=\"--smush-placeholder-width: 500px; --smush-placeholder-aspect-ratio: 500\/340;\" \/><\/figure><\/div>\n\n\n\n<div class=\"wp-block-uagb-advanced-heading uagb-block-e6ec07d4\"><h2 class=\"uagb-heading-text\">03.<\/h2><\/div>\n\n\n\n<div class=\"wp-block-uagb-advanced-heading uagb-block-99c873e0\"><h3 class=\"uagb-heading-text\">Specialized Fabric Care<\/h3><p class=\"uagb-desc-text\">We cater to specialized fabric care, handling everything from delicate silks to heavy winter jackets. Our machines come equipped with settings tailored to each fabric type, ensuring that your laundry is treated with the utmost care. Enjoy peace of mind knowing your items will be washed safely and thoroughly.<\/p><\/div>\n<\/div>\n\n\n\n<div class=\"wp-block-uagb-container uagb-layout-grid uagb-block-69a1e017\">\n<div class=\"wp-block-uagb-image uagb-block-55e41bb4 wp-block-uagb-image--layout-default wp-block-uagb-image--effect-static wp-block-uagb-image--align-none\"><figure class=\"wp-block-uagb-image__figure\"><img decoding=\"async\" data-srcset=\"https:\/\/wsgoperionica.rs\/wp-content\/uploads\/2025\/10\/aadad-1.jpg ,https:\/\/wsgoperionica.rs\/wp-content\/uploads\/2025\/10\/aadad-1.jpg 780w, https:\/\/wsgoperionica.rs\/wp-content\/uploads\/2025\/10\/aadad-1.jpg 360w\" data-sizes=\"auto, (max-width: 480px) 150px\" data-src=\"https:\/\/wsgoperionica.rs\/wp-content\/uploads\/2025\/10\/aadad-1.jpg\" alt=\"Aadad 1\" class=\"uag-image-13 lazyload\" width=\"500\" height=\"340\" title=\"services-04\" role=\"img\" src=\"data:image\/svg+xml;base64,PHN2ZyB3aWR0aD0iMSIgaGVpZ2h0PSIxIiB4bWxucz0iaHR0cDovL3d3dy53My5vcmcvMjAwMC9zdmciPjwvc3ZnPg==\" style=\"--smush-placeholder-width: 500px; --smush-placeholder-aspect-ratio: 500\/340;\"><\/figure><\/div>\n\n\n\n<div class=\"wp-block-uagb-advanced-heading uagb-block-2d94a4af\"><h2 class=\"uagb-heading-text\">04.<\/h2><\/div>\n\n\n\n<div class=\"wp-block-uagb-advanced-heading uagb-block-0224262a\"><h3 class=\"uagb-heading-text\">Laundry Supplies<\/h3><p class=\"uagb-desc-text\">We provide a range of laundry supplies, including detergents and fabric softeners, conveniently available on-site. Make your laundry experience effortless with all necessary products at hand, ensuring effective cleaning without the hassle of remembering to bring your supplies. Shop with us and improve your laundry efficiency in one go.<\/p><\/div>\n<\/div>\n\n\n\n<div class=\"wp-block-uagb-advanced-heading uagb-block-847f0174\"><div class=\"uagb-separator\"><\/div><h2 class=\"uagb-heading-text\">Our Simple Laundry Process Made Easy<\/h2><\/div>\n<\/div><\/div>\n\n\n\n<div class=\"wp-block-uagb-container uagb-layout-grid uagb-block-cd2486f8 alignfull uagb-is-root-container\"><div class=\"uagb-container-inner-blocks-wrap\">\n<div class=\"wp-block-uagb-container uagb-block-680c0089\">\n<div class=\"wp-block-uagb-advanced-heading uagb-block-2c1fc22f\"><p class=\"uagb-heading-text\">Select Your Load<\/p><p class=\"uagb-desc-text\">Choose the appropriate machine based on the size and type of your laundry load for optimal results.<\/p><\/div>\n<\/div>\n\n\n\n<div class=\"wp-block-uagb-container uagb-block-f6244a01\">\n<div class=\"wp-block-uagb-advanced-heading uagb-block-3e2e789f\"><p class=\"uagb-heading-text\">Wash and Dry<\/p><p class=\"uagb-desc-text\">Follow the simple instructions to start the washing and drying process, allowing you to multitask as needed.<\/p><\/div>\n<\/div>\n\n\n\n<div class=\"wp-block-uagb-container uagb-block-0815f89c\">\n<div class=\"wp-block-uagb-advanced-heading uagb-block-4fdc0b6f\"><p class=\"uagb-heading-text\">Enjoy Nearby Amenities<\/p><p class=\"uagb-desc-text\">While your laundry is in progress, take advantage of nearby caf\u00e9s or shops to make the most of your time.<\/p><\/div>\n<\/div>\n\n\n\n<div class=\"wp-block-uagb-container uagb-block-77ffa57b\">\n<div class=\"wp-block-uagb-advanced-heading uagb-block-3b941aaf\"><p class=\"uagb-heading-text\">Collect and Go<\/p><p class=\"uagb-desc-text\">Once your laundry is done, simply collect your items and enjoy the fresh and clean results without delay.<\/p><\/div>\n<\/div>\n<\/div><\/div>","protected":false},"excerpt":{"rendered":"<p>Comprehensive Laundry Solutions for Everyone 01. Self-Service Washing Our self-service washing machines are designed for your convenience. They handle all [&hellip;]<\/p>\n","protected":false},"author":1,"featured_media":0,"parent":0,"menu_order":0,"comment_status":"closed","ping_status":"closed","template":"","meta":{"_uag_custom_page_level_css":"","site-sidebar-layout":"default","site-content-layout":"","ast-site-content-layout":"default","site-content-style":"default","site-sidebar-style":"default","ast-global-header-display":"","ast-banner-title-visibility":"","ast-main-header-display":"","ast-hfb-above-header-display":"","ast-hfb-below-header-display":"","ast-hfb-mobile-header-display":"","site-post-title":"disabled","ast-breadcrumbs-content":"","ast-featured-img":"","footer-sml-layout":"","theme-transparent-header-meta":"","adv-header-id-meta":"","stick-header-meta":"","header-above-stick-meta":"","header-main-stick-meta":"","header-below-stick-meta":"","astra-migrate-meta-layouts":"default","ast-page-background-enabled":"default","ast-page-background-meta":{"desktop":{"background-color":"var(--ast-global-color-4)","background-image":"","background-repeat":"repeat","background-position":"center center","background-size":"auto","background-attachment":"scroll","background-type":"","background-media":"","overlay-type":"","overlay-color":"","overlay-opacity":"","overlay-gradient":""},"tablet":{"background-color":"","background-image":"","background-repeat":"repeat","background-position":"center center","background-size":"auto","background-attachment":"scroll","background-type":"","background-media":"","overlay-type":"","overlay-color":"","overlay-opacity":"","overlay-gradient":""},"mobile":{"background-color":"","background-image":"","background-repeat":"repeat","background-position":"center center","background-size":"auto","background-attachment":"scroll","background-type":"","background-media":"","overlay-type":"","overlay-color":"","overlay-opacity":"","overlay-gradient":""}},"ast-content-background-meta":{"desktop":{"background-color":"var(--ast-global-color-5)","background-image":"","background-repeat":"repeat","background-position":"center center","background-size":"auto","background-attachment":"scroll","background-type":"","background-media":"","overlay-type":"","overlay-color":"","overlay-opacity":"","overlay-gradient":""},"tablet":{"background-color":"var(--ast-global-color-5)","background-image":"","background-repeat":"repeat","background-position":"center center","background-size":"auto","background-attachment":"scroll","background-type":"","background-media":"","overlay-type":"","overlay-color":"","overlay-opacity":"","overlay-gradient":""},"mobile":{"background-color":"var(--ast-global-color-5)","background-image":"","background-repeat":"repeat","background-position":"center center","background-size":"auto","background-attachment":"scroll","background-type":"","background-media":"","overlay-type":"","overlay-color":"","overlay-opacity":"","overlay-gradient":""}},"footnotes":""},"class_list":["post-299","page","type-page","status-publish","hentry"],"yoast_head":"<!-- This site is optimized with the Yoast SEO Premium plugin v26.6 (Yoast SEO v27.6) - https:\/\/yoast.com\/product\/yoast-seo-premium-wordpress\/ -->\n<title>Services - WSGO Samouslu\u017ena perionica<\/title>\n<meta name=\"robots\" content=\"index, follow, max-snippet:-1, max-image-preview:large, max-video-preview:-1\" \/>\n<link rel=\"canonical\" href=\"https:\/\/wsgoperionica.rs\/en\/services\/\" \/>\n<meta property=\"og:locale\" content=\"en_US\" \/>\n<meta property=\"og:type\" content=\"article\" \/>\n<meta property=\"og:title\" content=\"Services\" \/>\n<meta property=\"og:description\" content=\"Comprehensive Laundry Solutions for Everyone 01. Self-Service Washing Our self-service washing machines are designed for your convenience. They handle all [&hellip;]\" \/>\n<meta property=\"og:url\" content=\"https:\/\/wsgoperionica.rs\/en\/services\/\" \/>\n<meta property=\"og:site_name\" content=\"WSGO Samouslu\u017ena perionica\" \/>\n<meta property=\"article:modified_time\" content=\"2025-12-23T22:25:31+00:00\" \/>\n<meta property=\"og:image\" content=\"https:\/\/wsgoperionica.rs\/wp-content\/uploads\/2025\/12\/profesionalno-ciscenje-obuce-scarpavapor-perionica-beograd-768x1024.jpg\" \/>\n<meta name=\"twitter:card\" content=\"summary_large_image\" \/>\n<meta name=\"twitter:label1\" content=\"Est. reading time\" \/>\n\t<meta name=\"twitter:data1\" content=\"3 minutes\" \/>\n<script type=\"application\/ld+json\" class=\"yoast-schema-graph\">{\"@context\":\"https:\\\/\\\/schema.org\",\"@graph\":[{\"@type\":\"WebPage\",\"@id\":\"https:\\\/\\\/wsgoperionica.rs\\\/services\\\/\",\"url\":\"https:\\\/\\\/wsgoperionica.rs\\\/services\\\/\",\"name\":\"Services - WSGO Samouslu\u017ena perionica\",\"isPartOf\":{\"@id\":\"https:\\\/\\\/wsgoperionica.rs\\\/#website\"},\"primaryImageOfPage\":{\"@id\":\"https:\\\/\\\/wsgoperionica.rs\\\/services\\\/#primaryimage\"},\"image\":{\"@id\":\"https:\\\/\\\/wsgoperionica.rs\\\/services\\\/#primaryimage\"},\"thumbnailUrl\":\"https:\\\/\\\/wsgoperionica.rs\\\/wp-content\\\/uploads\\\/2025\\\/12\\\/profesionalno-ciscenje-obuce-scarpavapor-perionica-beograd-768x1024.jpg\",\"datePublished\":\"2025-10-01T14:16:29+00:00\",\"dateModified\":\"2025-12-23T22:25:31+00:00\",\"breadcrumb\":{\"@id\":\"https:\\\/\\\/wsgoperionica.rs\\\/services\\\/#breadcrumb\"},\"inLanguage\":\"en-US\",\"potentialAction\":[{\"@type\":\"ReadAction\",\"target\":[\"https:\\\/\\\/wsgoperionica.rs\\\/services\\\/\"]}]},{\"@type\":\"ImageObject\",\"inLanguage\":\"en-US\",\"@id\":\"https:\\\/\\\/wsgoperionica.rs\\\/services\\\/#primaryimage\",\"url\":\"https:\\\/\\\/wsgoperionica.rs\\\/wp-content\\\/uploads\\\/2025\\\/12\\\/profesionalno-ciscenje-obuce-scarpavapor-perionica-beograd-768x1024.jpg\",\"contentUrl\":\"https:\\\/\\\/wsgoperionica.rs\\\/wp-content\\\/uploads\\\/2025\\\/12\\\/profesionalno-ciscenje-obuce-scarpavapor-perionica-beograd-768x1024.jpg\"},{\"@type\":\"BreadcrumbList\",\"@id\":\"https:\\\/\\\/wsgoperionica.rs\\\/services\\\/#breadcrumb\",\"itemListElement\":[{\"@type\":\"ListItem\",\"position\":1,\"name\":\"Home\",\"item\":\"https:\\\/\\\/wsgoperionica.rs\\\/\"},{\"@type\":\"ListItem\",\"position\":2,\"name\":\"Services\"}]},{\"@type\":\"WebSite\",\"@id\":\"https:\\\/\\\/wsgoperionica.rs\\\/#website\",\"url\":\"https:\\\/\\\/wsgoperionica.rs\\\/\",\"name\":\"WSGO Samouslu\u017ena perionica\",\"description\":\"\",\"publisher\":{\"@id\":\"https:\\\/\\\/wsgoperionica.rs\\\/#organization\"},\"potentialAction\":[{\"@type\":\"SearchAction\",\"target\":{\"@type\":\"EntryPoint\",\"urlTemplate\":\"https:\\\/\\\/wsgoperionica.rs\\\/?s={search_term_string}\"},\"query-input\":{\"@type\":\"PropertyValueSpecification\",\"valueRequired\":true,\"valueName\":\"search_term_string\"}}],\"inLanguage\":\"en-US\"},{\"@type\":\"Organization\",\"@id\":\"https:\\\/\\\/wsgoperionica.rs\\\/#organization\",\"name\":\"WSGO Samouslu\u017ena perionica\",\"url\":\"https:\\\/\\\/wsgoperionica.rs\\\/\",\"logo\":{\"@type\":\"ImageObject\",\"inLanguage\":\"en-US\",\"@id\":\"https:\\\/\\\/wsgoperionica.rs\\\/#\\\/schema\\\/logo\\\/image\\\/\",\"url\":\"https:\\\/\\\/wsgoperionica.rs\\\/wp-content\\\/uploads\\\/2025\\\/10\\\/cropped-Screenshot_from_2025-10-08_12-08-13-removebg-preview.png\",\"contentUrl\":\"https:\\\/\\\/wsgoperionica.rs\\\/wp-content\\\/uploads\\\/2025\\\/10\\\/cropped-Screenshot_from_2025-10-08_12-08-13-removebg-preview.png\",\"width\":155,\"height\":126,\"caption\":\"WSGO Samouslu\u017ena perionica\"},\"image\":{\"@id\":\"https:\\\/\\\/wsgoperionica.rs\\\/#\\\/schema\\\/logo\\\/image\\\/\"},\"sameAs\":[\"https:\\\/\\\/www.instagram.com\\\/samousluzna_perionica_vesa_\\\/\"]}]}<\/script>\n<!-- \/ Yoast SEO Premium plugin. -->","yoast_head_json":{"title":"Services - WSGO Samouslu\u017ena perionica","robots":{"index":"index","follow":"follow","max-snippet":"max-snippet:-1","max-image-preview":"max-image-preview:large","max-video-preview":"max-video-preview:-1"},"canonical":"https:\/\/wsgoperionica.rs\/en\/services\/","og_locale":"en_US","og_type":"article","og_title":"Services","og_description":"Comprehensive Laundry Solutions for Everyone 01. Self-Service Washing Our self-service washing machines are designed for your convenience. They handle all [&hellip;]","og_url":"https:\/\/wsgoperionica.rs\/en\/services\/","og_site_name":"WSGO Samouslu\u017ena perionica","article_modified_time":"2025-12-23T22:25:31+00:00","og_image":[{"url":"https:\/\/wsgoperionica.rs\/wp-content\/uploads\/2025\/12\/profesionalno-ciscenje-obuce-scarpavapor-perionica-beograd-768x1024.jpg","type":"","width":"","height":""}],"twitter_card":"summary_large_image","twitter_misc":{"Est. reading time":"3 minutes"},"schema":{"@context":"https:\/\/schema.org","@graph":[{"@type":"WebPage","@id":"https:\/\/wsgoperionica.rs\/services\/","url":"https:\/\/wsgoperionica.rs\/services\/","name":"Services - WSGO Samouslu\u017ena perionica","isPartOf":{"@id":"https:\/\/wsgoperionica.rs\/#website"},"primaryImageOfPage":{"@id":"https:\/\/wsgoperionica.rs\/services\/#primaryimage"},"image":{"@id":"https:\/\/wsgoperionica.rs\/services\/#primaryimage"},"thumbnailUrl":"https:\/\/wsgoperionica.rs\/wp-content\/uploads\/2025\/12\/profesionalno-ciscenje-obuce-scarpavapor-perionica-beograd-768x1024.jpg","datePublished":"2025-10-01T14:16:29+00:00","dateModified":"2025-12-23T22:25:31+00:00","breadcrumb":{"@id":"https:\/\/wsgoperionica.rs\/services\/#breadcrumb"},"inLanguage":"en-US","potentialAction":[{"@type":"ReadAction","target":["https:\/\/wsgoperionica.rs\/services\/"]}]},{"@type":"ImageObject","inLanguage":"en-US","@id":"https:\/\/wsgoperionica.rs\/services\/#primaryimage","url":"https:\/\/wsgoperionica.rs\/wp-content\/uploads\/2025\/12\/profesionalno-ciscenje-obuce-scarpavapor-perionica-beograd-768x1024.jpg","contentUrl":"https:\/\/wsgoperionica.rs\/wp-content\/uploads\/2025\/12\/profesionalno-ciscenje-obuce-scarpavapor-perionica-beograd-768x1024.jpg"},{"@type":"BreadcrumbList","@id":"https:\/\/wsgoperionica.rs\/services\/#breadcrumb","itemListElement":[{"@type":"ListItem","position":1,"name":"Home","item":"https:\/\/wsgoperionica.rs\/"},{"@type":"ListItem","position":2,"name":"Services"}]},{"@type":"WebSite","@id":"https:\/\/wsgoperionica.rs\/#website","url":"https:\/\/wsgoperionica.rs\/","name":"WSGO Self-Service Laundry","description":"","publisher":{"@id":"https:\/\/wsgoperionica.rs\/#organization"},"potentialAction":[{"@type":"SearchAction","target":{"@type":"EntryPoint","urlTemplate":"https:\/\/wsgoperionica.rs\/?s={search_term_string}"},"query-input":{"@type":"PropertyValueSpecification","valueRequired":true,"valueName":"search_term_string"}}],"inLanguage":"en-US"},{"@type":"Organization","@id":"https:\/\/wsgoperionica.rs\/#organization","name":"WSGO Self-Service Laundry","url":"https:\/\/wsgoperionica.rs\/","logo":{"@type":"ImageObject","inLanguage":"en-US","@id":"https:\/\/wsgoperionica.rs\/#\/schema\/logo\/image\/","url":"https:\/\/wsgoperionica.rs\/wp-content\/uploads\/2025\/10\/cropped-Screenshot_from_2025-10-08_12-08-13-removebg-preview.png","contentUrl":"https:\/\/wsgoperionica.rs\/wp-content\/uploads\/2025\/10\/cropped-Screenshot_from_2025-10-08_12-08-13-removebg-preview.png","width":155,"height":126,"caption":"WSGO Samouslu\u017ena perionica"},"image":{"@id":"https:\/\/wsgoperionica.rs\/#\/schema\/logo\/image\/"},"sameAs":["https:\/\/www.instagram.com\/samousluzna_perionica_vesa_\/"]}]}},"uagb_featured_image_src":{"full":false,"thumbnail":false,"medium":false,"medium_large":false,"large":false,"1536x1536":false,"2048x2048":false,"trp-custom-language-flag":false},"uagb_author_info":{"display_name":"jovadev7@gmail.com","author_link":"https:\/\/wsgoperionica.rs\/en\/author\/jovadev7gmail-com\/"},"uagb_comment_info":0,"uagb_excerpt":"Comprehensive Laundry Solutions for Everyone 01. Self-Service Washing Our self-service washing machines are designed for your convenience. They handle all [&hellip;]","_links":{"self":[{"href":"https:\/\/wsgoperionica.rs\/en\/wp-json\/wp\/v2\/pages\/299","targetHints":{"allow":["GET"]}}],"collection":[{"href":"https:\/\/wsgoperionica.rs\/en\/wp-json\/wp\/v2\/pages"}],"about":[{"href":"https:\/\/wsgoperionica.rs\/en\/wp-json\/wp\/v2\/types\/page"}],"author":[{"embeddable":true,"href":"https:\/\/wsgoperionica.rs\/en\/wp-json\/wp\/v2\/users\/1"}],"replies":[{"embeddable":true,"href":"https:\/\/wsgoperionica.rs\/en\/wp-json\/wp\/v2\/comments?post=299"}],"version-history":[{"count":4,"href":"https:\/\/wsgoperionica.rs\/en\/wp-json\/wp\/v2\/pages\/299\/revisions"}],"predecessor-version":[{"id":773,"href":"https:\/\/wsgoperionica.rs\/en\/wp-json\/wp\/v2\/pages\/299\/revisions\/773"}],"wp:attachment":[{"href":"https:\/\/wsgoperionica.rs\/en\/wp-json\/wp\/v2\/media?parent=299"}],"curies":[{"name":"wp","href":"https:\/\/api.w.org\/{rel}","templated":true}]}}